{"id":19990,"date":"2021-05-05T11:34:03","date_gmt":"2021-05-05T11:34:03","guid":{"rendered":"https:\/\/therascalgin.com\/geschaeftsbedingungen\/"},"modified":"2021-11-03T08:20:23","modified_gmt":"2021-11-03T08:20:23","slug":"geschaeftsbedingungen","status":"publish","type":"page","link":"https:\/\/therascalgin.com\/de\/geschaeftsbedingungen\/","title":{"rendered":"Gesch\u00e4ftsbedingungen"},"content":{"rendered":"<html><body><div style=\"background-color:#ff9a34;padding-bottom:60px;padding-top:50px\" class=\"wp-block-bp-blocks-bp-container bp-block-container alignfull bp-block-container--hasbackground bp-block-container--hasPaddingTop bp-block-container--hasPaddingBottom\"><div class=\"container\"><div class=\"bp-block-container__outer\"><div class=\"bp-container__inner\"><div class=\"bp-container__content\">\n<h2 class=\"has-wit-color has-text-color wp-block-heading\">Gesch\u00e4ftsbedingungen<\/h2>\n<\/div><\/div><\/div><\/div><\/div>\n\n<div style=\"height:70px\" aria-hidden=\"true\" class=\"wp-block-spacer\"><\/div>\n\n<h3 class=\"wp-block-heading\">EINF\u00dcHRUNG<\/h3>\n\n<p>Diese Website wird von The Rascal Gin B.V. betrieben. Das Unternehmen ist in den Niederlanden eingetragen und bei der Handelskammer unter der Nummer 84164638 registriert. Unser Sitz befindet sich in Campagneweg 11-I, 4761 RM, Zevenbergen, Niederlande.<\/p>\n\n<p>Wir arbeiten unter der Lizenz von Slijterij van der Maas in Fidschnaart.<\/p>\n\n<h3 class=\"wp-block-heading\">DEFINITIONEN<\/h3>\n\n<p>Abschnitt 1 dieser Allgemeinen Gesch\u00e4ftsbedingungen enth\u00e4lt\r\ndie Bedingungen, die f\u00fcr den Zugang und die Nutzung der Website durch die Verbraucher gelten, unabh\u00e4ngig davon, ob oder\r\nNicht der Verbraucher bestellt Produkte oder bucht \u00fcber die Website\r\n(\u201eNutzungsbedingungen\u201c).<\/p>\n\n<p>Abschnitt 2 dieser Allgemeinen Gesch\u00e4ftsbedingungen\r\nenth\u00e4lt allgemeine Bestimmungen, die f\u00fcr Bestellungen und \/ oder Buchungen f\u00fcr gelten\r\nProdukte und \/ oder Erfahrungen, die \u00fcber die Website und alle Nutzungen der Website gemacht wurden\r\n(\u201eAllgemeine Verkaufsbedingungen\u201c).<\/p>\n\n<p>Abschnitt 1. Nutzungsbedingungen Website<\/p>\n\n<h3 class=\"wp-block-heading\">\u00dcBER DIESE WEBSITE<\/h3>\n\n<p>Diese Nutzungsbedingungen Website (die\r\n\u201eNutzungsbedingungen\u201c) gelten f\u00fcr die Website von The Rascal Gin unter www.therascalgin.com.\r\nund alle zugeh\u00f6rigen Websites, die mit www.therascalgin.com verlinkt sind und von The Rascal betrieben werden\r\nGin, seine Tochtergesellschaften und verbundenen Unternehmen (zusammen die \u201eSite\u201c). Das\r\nDie Website ist Eigentum von The Rascal Gin.<\/p>\n\n<p>Bitte lesen Sie diese Nutzungsbedingungen sorgf\u00e4ltig durch\r\nbevor Sie diese Site nutzen. Durch die Nutzung dieser Website best\u00e4tigt der Verbraucher die Annahme\r\nvon und an diese Nutzungsbedingungen gebunden zu sein und diese einzuhalten. Wenn der Verbraucher es tut\r\nWenn Sie diesen Nutzungsbedingungen nicht zustimmen, fordert The Rascal Gin den Verbraucher auf, dies nicht zu tun\r\nBesuchen Sie die Website und nutzen Sie sie.<\/p>\n\n<h3 class=\"wp-block-heading\">GEISTIGEN EIGENTUMS<\/h3>\n\n<p>Diese Website und alle Materialien, Texte, Codes, Inhalte, Software, Videos, Musik, Ton, Grafiken, Fotos, Illustrationen, Grafiken, Namen, Logos, Marken, Formate, Dateien, Ger\u00e4te und Links, die darin enthalten oder damit verkn\u00fcpft sind (zusammen) \u201eInhalt\u201c) sind durch Urheberrechte, Marken und andere Rechte an geistigem Eigentum gesch\u00fctzt, die uns geh\u00f6ren oder an uns lizenziert sind. Jeder, der auf diese Website zugreift, ist berechtigt, einen Teil davon anzuzeigen. Der Inhalt darf jedoch ohne schriftliche Genehmigung von The Rascal Gin nicht (ganz oder teilweise) f\u00fcr kommerzielle Zwecke kopiert oder f\u00fcr andere Arbeiten (wie Dokumente, Websites, Ver\u00f6ffentlichungen) ge\u00e4ndert oder verwendet werden. Dar\u00fcber hinaus m\u00fcssen alle Links zu dieser Site The Rascal Gin mitgeteilt und von ihnen genehmigt werden, bevor sie erstellt werden, oder es werden Schritte unternommen, um diese zu erstellen.<\/p>\n\n<div style=\"height:100px\" aria-hidden=\"true\" class=\"wp-block-spacer\"><\/div>\n<\/body><\/html>","protected":false},"excerpt":{"rendered":"<p>EINF\u00dcHRUNG Diese Website wird von The Rascal Gin B.V. betrieben. Das Unternehmen ist in den Niederlanden eingetragen und bei der Handelskammer unter der Nummer 84164638 registriert. Unser Sitz befindet sich in Campagneweg 11-I, 4761 RM, Zevenbergen, Niederlande. Wir arbeiten unter der Lizenz von Slijterij van der Maas in Fidschnaart. DEFINITIONEN Abschnitt 1 dieser Allgemeinen Gesch\u00e4ftsbedingungen &hellip;<\/p>\n","protected":false},"author":5,"featured_media":0,"parent":0,"menu_order":0,"comment_status":"closed","ping_status":"closed","template":"","meta":{"_acf_changed":false,"footnotes":""},"class_list":["post-19990","page","type-page","status-publish","hentry"],"acf":[],"yoast_head":"<!-- This site is optimized with the Yoast SEO plugin v27.2 - https:\/\/yoast.com\/product\/yoast-seo-wordpress\/ -->\n<title>Gesch\u00e4ftsbedingungen - The Rascal Gin<\/title>\n<meta name=\"robots\" content=\"index, follow, max-snippet:-1, max-image-preview:large, max-video-preview:-1\" \/>\n<link rel=\"canonical\" href=\"https:\/\/therascalgin.com\/de\/geschaeftsbedingungen\/\" \/>\n<meta property=\"og:locale\" content=\"de_DE\" \/>\n<meta property=\"og:type\" content=\"article\" \/>\n<meta property=\"og:title\" content=\"Gesch\u00e4ftsbedingungen - The Rascal Gin\" \/>\n<meta property=\"og:description\" content=\"EINF\u00dcHRUNG Diese Website wird von The Rascal Gin B.V. betrieben. Das Unternehmen ist in den Niederlanden eingetragen und bei der Handelskammer unter der Nummer 84164638 registriert. Unser Sitz befindet sich in Campagneweg 11-I, 4761 RM, Zevenbergen, Niederlande. Wir arbeiten unter der Lizenz von Slijterij van der Maas in Fidschnaart. DEFINITIONEN Abschnitt 1 dieser Allgemeinen Gesch\u00e4ftsbedingungen &hellip;\" \/>\n<meta property=\"og:url\" content=\"https:\/\/therascalgin.com\/de\/geschaeftsbedingungen\/\" \/>\n<meta property=\"og:site_name\" content=\"The Rascal Gin\" \/>\n<meta property=\"article:publisher\" content=\"http:\/\/facebook.com\/therascalgin\" \/>\n<meta property=\"article:modified_time\" content=\"2021-11-03T08:20:23+00:00\" \/>\n<meta name=\"twitter:card\" content=\"summary_large_image\" \/>\n<meta name=\"twitter:label1\" content=\"Gesch\u00e4tzte Lesezeit\" \/>\n\t<meta name=\"twitter:data1\" content=\"2\u00a0Minuten\" \/>\n<script type=\"application\/ld+json\" class=\"yoast-schema-graph\">{\"@context\":\"https:\/\/schema.org\",\"@graph\":[{\"@type\":\"WebPage\",\"@id\":\"https:\/\/therascalgin.com\/de\/geschaeftsbedingungen\/\",\"url\":\"https:\/\/therascalgin.com\/de\/geschaeftsbedingungen\/\",\"name\":\"Gesch\u00e4ftsbedingungen - The Rascal Gin\",\"isPartOf\":{\"@id\":\"https:\/\/therascalgin.com\/#website\"},\"datePublished\":\"2021-05-05T11:34:03+00:00\",\"dateModified\":\"2021-11-03T08:20:23+00:00\",\"breadcrumb\":{\"@id\":\"https:\/\/therascalgin.com\/de\/geschaeftsbedingungen\/#breadcrumb\"},\"inLanguage\":\"de\",\"potentialAction\":[{\"@type\":\"ReadAction\",\"target\":[\"https:\/\/therascalgin.com\/de\/geschaeftsbedingungen\/\"]}]},{\"@type\":\"BreadcrumbList\",\"@id\":\"https:\/\/therascalgin.com\/de\/geschaeftsbedingungen\/#breadcrumb\",\"itemListElement\":[{\"@type\":\"ListItem\",\"position\":1,\"name\":\"Home\",\"item\":\"https:\/\/therascalgin.com\/de\/\"},{\"@type\":\"ListItem\",\"position\":2,\"name\":\"Gesch\u00e4ftsbedingungen\"}]},{\"@type\":\"WebSite\",\"@id\":\"https:\/\/therascalgin.com\/#website\",\"url\":\"https:\/\/therascalgin.com\/\",\"name\":\"The Rascal Gin\",\"description\":\"Release your inner rascal\",\"publisher\":{\"@id\":\"https:\/\/therascalgin.com\/#organization\"},\"potentialAction\":[{\"@type\":\"SearchAction\",\"target\":{\"@type\":\"EntryPoint\",\"urlTemplate\":\"https:\/\/therascalgin.com\/?s={search_term_string}\"},\"query-input\":{\"@type\":\"PropertyValueSpecification\",\"valueRequired\":true,\"valueName\":\"search_term_string\"}}],\"inLanguage\":\"de\"},{\"@type\":\"Organization\",\"@id\":\"https:\/\/therascalgin.com\/#organization\",\"name\":\"The Rascal Gin\",\"url\":\"https:\/\/therascalgin.com\/\",\"logo\":{\"@type\":\"ImageObject\",\"inLanguage\":\"de\",\"@id\":\"https:\/\/therascalgin.com\/#\/schema\/logo\/image\/\",\"url\":\"https:\/\/i0.wp.com\/therascalgin.com\/app\/uploads\/2019\/08\/fox.jpg?fit=544%2C544&ssl=1\",\"contentUrl\":\"https:\/\/i0.wp.com\/therascalgin.com\/app\/uploads\/2019\/08\/fox.jpg?fit=544%2C544&ssl=1\",\"width\":544,\"height\":544,\"caption\":\"The Rascal Gin\"},\"image\":{\"@id\":\"https:\/\/therascalgin.com\/#\/schema\/logo\/image\/\"},\"sameAs\":[\"http:\/\/facebook.com\/therascalgin\",\"http:\/\/instagram.com\/therascalgin\"]}]}<\/script>\n<!-- \/ Yoast SEO plugin. -->","yoast_head_json":{"title":"Gesch\u00e4ftsbedingungen - The Rascal Gin","robots":{"index":"index","follow":"follow","max-snippet":"max-snippet:-1","max-image-preview":"max-image-preview:large","max-video-preview":"max-video-preview:-1"},"canonical":"https:\/\/therascalgin.com\/de\/geschaeftsbedingungen\/","og_locale":"de_DE","og_type":"article","og_title":"Gesch\u00e4ftsbedingungen - The Rascal Gin","og_description":"EINF\u00dcHRUNG Diese Website wird von The Rascal Gin B.V. betrieben. Das Unternehmen ist in den Niederlanden eingetragen und bei der Handelskammer unter der Nummer 84164638 registriert. Unser Sitz befindet sich in Campagneweg 11-I, 4761 RM, Zevenbergen, Niederlande. Wir arbeiten unter der Lizenz von Slijterij van der Maas in Fidschnaart. DEFINITIONEN Abschnitt 1 dieser Allgemeinen Gesch\u00e4ftsbedingungen &hellip;","og_url":"https:\/\/therascalgin.com\/de\/geschaeftsbedingungen\/","og_site_name":"The Rascal Gin","article_publisher":"http:\/\/facebook.com\/therascalgin","article_modified_time":"2021-11-03T08:20:23+00:00","twitter_card":"summary_large_image","twitter_misc":{"Gesch\u00e4tzte Lesezeit":"2\u00a0Minuten"},"schema":{"@context":"https:\/\/schema.org","@graph":[{"@type":"WebPage","@id":"https:\/\/therascalgin.com\/de\/geschaeftsbedingungen\/","url":"https:\/\/therascalgin.com\/de\/geschaeftsbedingungen\/","name":"Gesch\u00e4ftsbedingungen - The Rascal Gin","isPartOf":{"@id":"https:\/\/therascalgin.com\/#website"},"datePublished":"2021-05-05T11:34:03+00:00","dateModified":"2021-11-03T08:20:23+00:00","breadcrumb":{"@id":"https:\/\/therascalgin.com\/de\/geschaeftsbedingungen\/#breadcrumb"},"inLanguage":"de","potentialAction":[{"@type":"ReadAction","target":["https:\/\/therascalgin.com\/de\/geschaeftsbedingungen\/"]}]},{"@type":"BreadcrumbList","@id":"https:\/\/therascalgin.com\/de\/geschaeftsbedingungen\/#breadcrumb","itemListElement":[{"@type":"ListItem","position":1,"name":"Home","item":"https:\/\/therascalgin.com\/de\/"},{"@type":"ListItem","position":2,"name":"Gesch\u00e4ftsbedingungen"}]},{"@type":"WebSite","@id":"https:\/\/therascalgin.com\/#website","url":"https:\/\/therascalgin.com\/","name":"The Rascal Gin","description":"Release your inner rascal","publisher":{"@id":"https:\/\/therascalgin.com\/#organization"},"potentialAction":[{"@type":"SearchAction","target":{"@type":"EntryPoint","urlTemplate":"https:\/\/therascalgin.com\/?s={search_term_string}"},"query-input":{"@type":"PropertyValueSpecification","valueRequired":true,"valueName":"search_term_string"}}],"inLanguage":"de"},{"@type":"Organization","@id":"https:\/\/therascalgin.com\/#organization","name":"The Rascal Gin","url":"https:\/\/therascalgin.com\/","logo":{"@type":"ImageObject","inLanguage":"de","@id":"https:\/\/therascalgin.com\/#\/schema\/logo\/image\/","url":"https:\/\/i0.wp.com\/therascalgin.com\/app\/uploads\/2019\/08\/fox.jpg?fit=544%2C544&ssl=1","contentUrl":"https:\/\/i0.wp.com\/therascalgin.com\/app\/uploads\/2019\/08\/fox.jpg?fit=544%2C544&ssl=1","width":544,"height":544,"caption":"The Rascal Gin"},"image":{"@id":"https:\/\/therascalgin.com\/#\/schema\/logo\/image\/"},"sameAs":["http:\/\/facebook.com\/therascalgin","http:\/\/instagram.com\/therascalgin"]}]}},"jetpack_sharing_enabled":true,"_links":{"self":[{"href":"https:\/\/therascalgin.com\/de\/wp-json\/wp\/v2\/pages\/19990","targetHints":{"allow":["GET"]}}],"collection":[{"href":"https:\/\/therascalgin.com\/de\/wp-json\/wp\/v2\/pages"}],"about":[{"href":"https:\/\/therascalgin.com\/de\/wp-json\/wp\/v2\/types\/page"}],"author":[{"embeddable":true,"href":"https:\/\/therascalgin.com\/de\/wp-json\/wp\/v2\/users\/5"}],"replies":[{"embeddable":true,"href":"https:\/\/therascalgin.com\/de\/wp-json\/wp\/v2\/comments?post=19990"}],"version-history":[{"count":4,"href":"https:\/\/therascalgin.com\/de\/wp-json\/wp\/v2\/pages\/19990\/revisions"}],"predecessor-version":[{"id":20605,"href":"https:\/\/therascalgin.com\/de\/wp-json\/wp\/v2\/pages\/19990\/revisions\/20605"}],"wp:attachment":[{"href":"https:\/\/therascalgin.com\/de\/wp-json\/wp\/v2\/media?parent=19990"}],"curies":[{"name":"wp","href":"https:\/\/api.w.org\/{rel}","templated":true}]}}