{"id":20016,"date":"2020-09-28T08:25:30","date_gmt":"2020-09-28T08:25:30","guid":{"rendered":"https:\/\/therascalgin.com\/product\/the-rascal-gin\/"},"modified":"2023-01-18T18:58:55","modified_gmt":"2023-01-18T18:58:55","slug":"the-rascal-gin","status":"publish","type":"product","link":"https:\/\/therascalgin.com\/de\/produkt\/the-rascal-gin\/","title":{"rendered":"The Rascal Gin\u00ae"},"content":{"rendered":"<html><body><p>Wir sind mit der indonesischen K\u00fcche und allem, was dazu geh\u00f6rt, aufgewachsen. Unsere Wurzeln stammen sowohl aus Indonesien als auch aus Schiedam (Gin-Hauptstadt Europas). Wir wollten die Kr\u00e4uter, die wir so gerne m\u00f6gen, mit unserem Lieblingscocktail kombinieren!<\/p>\n<p>The Rascal Gin ist ein tropischer Gin mit indonesischen Zutaten von den Inseln Java, Bali &amp; Sumatra. Orange ist die Hauptzutat, die ihm einen frischen s\u00fc\u00dfen Geschmack verleiht, wir haben Kreuzk\u00fcmmel hinzugef\u00fcgt, der einen orientalisch-tropischen Geschmack verleiht.<\/p>\n<p>Wir bekommen viele positive Reaktionen \u00fcber den Geschmack von The Rascal Gin. Das Label \u201eeinzigartig\u201c haben wir The Rascal Gin nicht selbst gegeben, sondern von unseren vielen zufriedenen Kunden.<\/p>\n<p><noscript><iframe loading=\"lazy\" title=\"Export-vimeo\" src=\"https:\/\/player.vimeo.com\/video\/352698255?dnt=1&amp;app_id=122963\" width=\"500\" height=\"281\" frameborder=\"0\" allow=\"autoplay; fullscreen; picture-in-picture; clipboard-write\"><\/iframe><\/noscript><iframe loading=\"lazy\" title=\"Export-vimeo\" src=\"\" width=\"500\" height=\"281\" frameborder=\"0\" allow=\"autoplay; fullscreen; picture-in-picture; clipboard-write\" data-src=\"https:\/\/player.vimeo.com\/video\/352698255?dnt=1&amp;app_id=122963\" class=\" lazyload\"><\/iframe><\/p>\n<\/body><\/html>","protected":false},"excerpt":{"rendered":"<p>* Echte indonesische Zutaten<\/p>\n<p>* Authentisches Familienrezept<\/p>\n<p>* Bestellt vor 20:00 Uhr wird heute versendet!<\/p>\n","protected":false},"featured_media":20017,"template":"","meta":{"_acf_changed":false},"product_brand":[],"product_cat":[62],"product_tag":[],"class_list":{"0":"post-20016","1":"product","2":"type-product","3":"status-publish","4":"has-post-thumbnail","6":"product_cat-gin-de","8":"first","9":"instock","10":"taxable","11":"shipping-taxable","12":"purchasable","13":"product-type-simple"},"acf":[],"yoast_head":"<!-- This site is optimized with the Yoast SEO plugin v27.2 - https:\/\/yoast.com\/product\/yoast-seo-wordpress\/ -->\n<title>Mit Liebe aus Indonesien!<\/title>\n<meta name=\"description\" content=\"The Rascal hat einen frechen Charakter. Es wagt sich anders zu sein. Die javanischen Wurzeln entf\u00fchren Sie auf eine Entdeckungsreise.\" \/>\n<meta name=\"robots\" content=\"index, follow, max-snippet:-1, max-image-preview:large, max-video-preview:-1\" \/>\n<link rel=\"canonical\" href=\"https:\/\/therascalgin.com\/produkt\/rascal-gin\/\" \/>\n<meta property=\"og:locale\" content=\"de_DE\" \/>\n<meta property=\"og:type\" content=\"article\" \/>\n<meta property=\"og:title\" content=\"Mit Liebe aus Indonesien!\" \/>\n<meta property=\"og:description\" content=\"The Rascal hat einen frechen Charakter. Es wagt sich anders zu sein. Die javanischen Wurzeln entf\u00fchren Sie auf eine Entdeckungsreise.\" \/>\n<meta property=\"og:url\" content=\"https:\/\/therascalgin.com\/produkt\/rascal-gin\/\" \/>\n<meta property=\"og:site_name\" content=\"The Rascal Gin\" \/>\n<meta property=\"article:publisher\" content=\"http:\/\/facebook.com\/therascalgin\" \/>\n<meta property=\"article:modified_time\" content=\"2023-01-18T18:58:55+00:00\" \/>\n<meta property=\"og:image\" content=\"https:\/\/i0.wp.com\/therascalgin.com\/app\/uploads\/2020\/09\/bottle-square-1.png?fit=800%2C800&ssl=1\" \/>\n\t<meta property=\"og:image:width\" content=\"800\" \/>\n\t<meta property=\"og:image:height\" content=\"800\" \/>\n\t<meta property=\"og:image:type\" content=\"image\/png\" \/>\n<meta name=\"twitter:card\" content=\"summary_large_image\" \/>\n<meta name=\"twitter:label1\" content=\"Gesch\u00e4tzte Lesezeit\" \/>\n\t<meta name=\"twitter:data1\" content=\"1\u00a0Minute\" \/>\n<script type=\"application\/ld+json\" class=\"yoast-schema-graph\">{\"@context\":\"https:\/\/schema.org\",\"@graph\":[{\"@type\":\"WebPage\",\"@id\":\"https:\/\/therascalgin.com\/produkt\/rascal-gin\/\",\"url\":\"https:\/\/therascalgin.com\/produkt\/rascal-gin\/\",\"name\":\"Mit Liebe aus Indonesien!\",\"isPartOf\":{\"@id\":\"https:\/\/therascalgin.com\/#website\"},\"primaryImageOfPage\":{\"@id\":\"https:\/\/therascalgin.com\/produkt\/rascal-gin\/#primaryimage\"},\"image\":{\"@id\":\"https:\/\/therascalgin.com\/produkt\/rascal-gin\/#primaryimage\"},\"thumbnailUrl\":\"https:\/\/i0.wp.com\/therascalgin.com\/app\/uploads\/2020\/09\/bottle-square-1.png?fit=800%2C800&ssl=1\",\"datePublished\":\"2020-09-28T08:25:30+00:00\",\"dateModified\":\"2023-01-18T18:58:55+00:00\",\"description\":\"The Rascal hat einen frechen Charakter. Es wagt sich anders zu sein. Die javanischen Wurzeln entf\u00fchren Sie auf eine Entdeckungsreise.\",\"breadcrumb\":{\"@id\":\"https:\/\/therascalgin.com\/produkt\/rascal-gin\/#breadcrumb\"},\"inLanguage\":\"de\",\"potentialAction\":[{\"@type\":\"ReadAction\",\"target\":[\"https:\/\/therascalgin.com\/produkt\/rascal-gin\/\"]}]},{\"@type\":\"ImageObject\",\"inLanguage\":\"de\",\"@id\":\"https:\/\/therascalgin.com\/produkt\/rascal-gin\/#primaryimage\",\"url\":\"https:\/\/i0.wp.com\/therascalgin.com\/app\/uploads\/2020\/09\/bottle-square-1.png?fit=800%2C800&ssl=1\",\"contentUrl\":\"https:\/\/i0.wp.com\/therascalgin.com\/app\/uploads\/2020\/09\/bottle-square-1.png?fit=800%2C800&ssl=1\",\"width\":800,\"height\":800,\"caption\":\"The Rascal Gin fles\"},{\"@type\":\"BreadcrumbList\",\"@id\":\"https:\/\/therascalgin.com\/produkt\/rascal-gin\/#breadcrumb\",\"itemListElement\":[{\"@type\":\"ListItem\",\"position\":1,\"name\":\"Home\",\"item\":\"https:\/\/therascalgin.com\/de\/\"},{\"@type\":\"ListItem\",\"position\":2,\"name\":\"Webshop\",\"item\":\"https:\/\/therascalgin.com\/de\/webshop\/\"},{\"@type\":\"ListItem\",\"position\":3,\"name\":\"The Rascal Gin\u00ae\"}]},{\"@type\":\"WebSite\",\"@id\":\"https:\/\/therascalgin.com\/#website\",\"url\":\"https:\/\/therascalgin.com\/\",\"name\":\"The Rascal Gin\",\"description\":\"Release your inner rascal\",\"publisher\":{\"@id\":\"https:\/\/therascalgin.com\/#organization\"},\"potentialAction\":[{\"@type\":\"SearchAction\",\"target\":{\"@type\":\"EntryPoint\",\"urlTemplate\":\"https:\/\/therascalgin.com\/?s={search_term_string}\"},\"query-input\":{\"@type\":\"PropertyValueSpecification\",\"valueRequired\":true,\"valueName\":\"search_term_string\"}}],\"inLanguage\":\"de\"},{\"@type\":\"Organization\",\"@id\":\"https:\/\/therascalgin.com\/#organization\",\"name\":\"The Rascal Gin\",\"url\":\"https:\/\/therascalgin.com\/\",\"logo\":{\"@type\":\"ImageObject\",\"inLanguage\":\"de\",\"@id\":\"https:\/\/therascalgin.com\/#\/schema\/logo\/image\/\",\"url\":\"https:\/\/i0.wp.com\/therascalgin.com\/app\/uploads\/2019\/08\/fox.jpg?fit=544%2C544&ssl=1\",\"contentUrl\":\"https:\/\/i0.wp.com\/therascalgin.com\/app\/uploads\/2019\/08\/fox.jpg?fit=544%2C544&ssl=1\",\"width\":544,\"height\":544,\"caption\":\"The Rascal Gin\"},\"image\":{\"@id\":\"https:\/\/therascalgin.com\/#\/schema\/logo\/image\/\"},\"sameAs\":[\"http:\/\/facebook.com\/therascalgin\",\"http:\/\/instagram.com\/therascalgin\"]}]}<\/script>\n<!-- \/ Yoast SEO plugin. -->","yoast_head_json":{"title":"Mit Liebe aus Indonesien!","description":"The Rascal hat einen frechen Charakter. Es wagt sich anders zu sein. Die javanischen Wurzeln entf\u00fchren Sie auf eine Entdeckungsreise.","robots":{"index":"index","follow":"follow","max-snippet":"max-snippet:-1","max-image-preview":"max-image-preview:large","max-video-preview":"max-video-preview:-1"},"canonical":"https:\/\/therascalgin.com\/produkt\/rascal-gin\/","og_locale":"de_DE","og_type":"article","og_title":"Mit Liebe aus Indonesien!","og_description":"The Rascal hat einen frechen Charakter. Es wagt sich anders zu sein. Die javanischen Wurzeln entf\u00fchren Sie auf eine Entdeckungsreise.","og_url":"https:\/\/therascalgin.com\/produkt\/rascal-gin\/","og_site_name":"The Rascal Gin","article_publisher":"http:\/\/facebook.com\/therascalgin","article_modified_time":"2023-01-18T18:58:55+00:00","og_image":[{"width":800,"height":800,"url":"https:\/\/i0.wp.com\/therascalgin.com\/app\/uploads\/2020\/09\/bottle-square-1.png?fit=800%2C800&ssl=1","type":"image\/png"}],"twitter_card":"summary_large_image","twitter_misc":{"Gesch\u00e4tzte Lesezeit":"1\u00a0Minute"},"schema":{"@context":"https:\/\/schema.org","@graph":[{"@type":"WebPage","@id":"https:\/\/therascalgin.com\/produkt\/rascal-gin\/","url":"https:\/\/therascalgin.com\/produkt\/rascal-gin\/","name":"Mit Liebe aus Indonesien!","isPartOf":{"@id":"https:\/\/therascalgin.com\/#website"},"primaryImageOfPage":{"@id":"https:\/\/therascalgin.com\/produkt\/rascal-gin\/#primaryimage"},"image":{"@id":"https:\/\/therascalgin.com\/produkt\/rascal-gin\/#primaryimage"},"thumbnailUrl":"https:\/\/i0.wp.com\/therascalgin.com\/app\/uploads\/2020\/09\/bottle-square-1.png?fit=800%2C800&ssl=1","datePublished":"2020-09-28T08:25:30+00:00","dateModified":"2023-01-18T18:58:55+00:00","description":"The Rascal hat einen frechen Charakter. Es wagt sich anders zu sein. Die javanischen Wurzeln entf\u00fchren Sie auf eine Entdeckungsreise.","breadcrumb":{"@id":"https:\/\/therascalgin.com\/produkt\/rascal-gin\/#breadcrumb"},"inLanguage":"de","potentialAction":[{"@type":"ReadAction","target":["https:\/\/therascalgin.com\/produkt\/rascal-gin\/"]}]},{"@type":"ImageObject","inLanguage":"de","@id":"https:\/\/therascalgin.com\/produkt\/rascal-gin\/#primaryimage","url":"https:\/\/i0.wp.com\/therascalgin.com\/app\/uploads\/2020\/09\/bottle-square-1.png?fit=800%2C800&ssl=1","contentUrl":"https:\/\/i0.wp.com\/therascalgin.com\/app\/uploads\/2020\/09\/bottle-square-1.png?fit=800%2C800&ssl=1","width":800,"height":800,"caption":"The Rascal Gin fles"},{"@type":"BreadcrumbList","@id":"https:\/\/therascalgin.com\/produkt\/rascal-gin\/#breadcrumb","itemListElement":[{"@type":"ListItem","position":1,"name":"Home","item":"https:\/\/therascalgin.com\/de\/"},{"@type":"ListItem","position":2,"name":"Webshop","item":"https:\/\/therascalgin.com\/de\/webshop\/"},{"@type":"ListItem","position":3,"name":"The Rascal Gin\u00ae"}]},{"@type":"WebSite","@id":"https:\/\/therascalgin.com\/#website","url":"https:\/\/therascalgin.com\/","name":"The Rascal Gin","description":"Release your inner rascal","publisher":{"@id":"https:\/\/therascalgin.com\/#organization"},"potentialAction":[{"@type":"SearchAction","target":{"@type":"EntryPoint","urlTemplate":"https:\/\/therascalgin.com\/?s={search_term_string}"},"query-input":{"@type":"PropertyValueSpecification","valueRequired":true,"valueName":"search_term_string"}}],"inLanguage":"de"},{"@type":"Organization","@id":"https:\/\/therascalgin.com\/#organization","name":"The Rascal Gin","url":"https:\/\/therascalgin.com\/","logo":{"@type":"ImageObject","inLanguage":"de","@id":"https:\/\/therascalgin.com\/#\/schema\/logo\/image\/","url":"https:\/\/i0.wp.com\/therascalgin.com\/app\/uploads\/2019\/08\/fox.jpg?fit=544%2C544&ssl=1","contentUrl":"https:\/\/i0.wp.com\/therascalgin.com\/app\/uploads\/2019\/08\/fox.jpg?fit=544%2C544&ssl=1","width":544,"height":544,"caption":"The Rascal Gin"},"image":{"@id":"https:\/\/therascalgin.com\/#\/schema\/logo\/image\/"},"sameAs":["http:\/\/facebook.com\/therascalgin","http:\/\/instagram.com\/therascalgin"]}]}},"jetpack_sharing_enabled":true,"_links":{"self":[{"href":"https:\/\/therascalgin.com\/de\/wp-json\/wp\/v2\/product\/20016","targetHints":{"allow":["GET"]}}],"collection":[{"href":"https:\/\/therascalgin.com\/de\/wp-json\/wp\/v2\/product"}],"about":[{"href":"https:\/\/therascalgin.com\/de\/wp-json\/wp\/v2\/types\/product"}],"wp:featuredmedia":[{"embeddable":true,"href":"https:\/\/therascalgin.com\/de\/wp-json\/wp\/v2\/media\/20017"}],"wp:attachment":[{"href":"https:\/\/therascalgin.com\/de\/wp-json\/wp\/v2\/media?parent=20016"}],"wp:term":[{"taxonomy":"product_brand","embeddable":true,"href":"https:\/\/therascalgin.com\/de\/wp-json\/wp\/v2\/product_brand?post=20016"},{"taxonomy":"product_cat","embeddable":true,"href":"https:\/\/therascalgin.com\/de\/wp-json\/wp\/v2\/product_cat?post=20016"},{"taxonomy":"product_tag","embeddable":true,"href":"https:\/\/therascalgin.com\/de\/wp-json\/wp\/v2\/product_tag?post=20016"}],"curies":[{"name":"wp","href":"https:\/\/api.w.org\/{rel}","templated":true}]}}